{"id":11,"date":"2015-11-11T17:46:29","date_gmt":"2015-11-11T16:46:29","guid":{"rendered":"http:\/\/stimmzentrum-freiburg.de\/?page_id=11"},"modified":"2015-11-12T18:20:14","modified_gmt":"2015-11-12T17:20:14","slug":"gesangsunterricht","status":"publish","type":"page","link":"https:\/\/www.stimmzentrum-freiburg.de\/wp\/gesangsunterricht\/","title":{"rendered":"Gesangsunterricht"},"content":{"rendered":"<p>Wollten Sie schon immer singen? Wollen Sie mehr aus Ihrer Stimme machen?<\/p>\n<p>Singen ist toll, gesund und macht Spa\u00df!<\/p>\n<p>Im Unterricht ist es mir wichtig, dass wir gemeinsam Ihre ganz eigene Stimme, Ihren pers\u00f6nlichen Sound finden k\u00f6nnen. Dazu benutzen wir \u00dcbungen aus bekannten Gesangsmethodiken und Repertoire, das zu Ihrer Stimme, Ihrem Niveau und Ihren W\u00fcnschen und Zielen passt. Es kann sich dabei um jedes Genre handeln, Klassik, Musical, Pop, etc.<\/p>\n<p>Singen ist etwas K\u00f6rperliches, also werden wir viel mit Bewegung, Atem und K\u00f6rperbewusstsein arbeiten.<\/p>\n<p>Wenn man singt, erz\u00e4hlt man zudem eine Geschichte, man dr\u00fcckt Gef\u00fchle aus, die zum Lied oder zur Rolle passen. Auch hierbei kann ich Ihnen anhand von Darstellungs- und Interpretations\u00fcbungen helfen.<\/p>\n<p>Zuerst verabreden wir eine <strong>GRATIS PROBESTUNDE<\/strong>, um einander kennen zu lernen, die Stimme auszuprobieren und \u00fcber W\u00fcnsche und Ziele zu sprechen. Danach entscheiden wir gemeinsam, wie wir den Unterricht weiterhin gestalten wollen.<\/p>\n<p><strong>Chorische Stimmbildung<\/strong><br \/>\nMit meiner Erfahrung als Gesangsp\u00e4dagoge und Chors\u00e4nger bin ich in der Lage, Ch\u00f6ren bei der Optimierung von z.B. Atem- und Stimmtechnik, Ausdruck oder dem Chorklang an sich unter die Arme zu greifen.<\/p>\n<p><strong>Workshops Singen und T\u00f6nen<\/strong><br \/>\nF\u00fcr Gruppen biete ich Workshops Singen und Workshops T\u00f6nen an. Sie sind ein sch\u00f6ner Einstieg f\u00fcr alle, die gerne singen (lernen) wollen oder ausprobieren m\u00f6chten, wie K\u00f6rper und Geist auf Atem und Stimme reagieren. Auch macht es einfach Spa\u00df, mit Freunden, Kollegen oder anderen Kursteilnehmern zusammen Musik zu machen.<\/p>\n<p><strong>Teambuilding<\/strong><br \/>\nWenn eine Firma das Bed\u00fcrfnis hat, ihre Mitarbeiter mehr als Team zusammen zu schwei\u00dfen, kann gemeinsames Singen hervorragend als Teambuilding eingesetzt werden. Im Rahmen der Musik k\u00f6nnen sich die Teilnehmenden dabei anders und besser kennen lernen.<\/p>\n<p>Der Workshop wird zugeschnitten auf Ihre W\u00fcnsche und Bed\u00fcrfnisse.<\/p>\n<p>Preise f\u00fcr chorische Stimmbildung, Workshops und Teambuilding auf Anfrage.<\/p>\n","protected":false},"excerpt":{"rendered":"<p>Wollten Sie schon immer singen? Wollen Sie mehr aus Ihrer Stimme machen? Singen ist toll, gesund und macht Spa\u00df! Im Unterricht ist es mir wichtig, dass wir gemeinsam Ihre ganz eigene Stimme, Ihren pers\u00f6nlichen Sound finden k\u00f6nnen. Dazu benutzen wir \u00dcbungen aus bekannten Gesangsmethodiken und Repertoire, das zu Ihrer Stimme, Ihrem Niveau und Ihren W\u00fcnschen [&hellip;]<\/p>\n","protected":false},"author":1,"featured_media":0,"parent":0,"menu_order":0,"comment_status":"closed","ping_status":"closed","template":"","meta":{"footnotes":""},"class_list":["post-11","page","type-page","status-publish","czr-hentry"],"yoast_head":"<!-- This site is optimized with the Yoast SEO plugin v22.7 - https:\/\/yoast.com\/wordpress\/plugins\/seo\/ -->\n<title>Gesangsunterricht | Stimmzentrum Freiburg<\/title>\n<meta name=\"robots\" content=\"index, follow, max-snippet:-1, max-image-preview:large, max-video-preview:-1\" \/>\n<link rel=\"canonical\" href=\"https:\/\/www.stimmzentrum-freiburg.de\/wp\/gesangsunterricht\/\" \/>\n<meta property=\"og:locale\" content=\"de_DE\" \/>\n<meta property=\"og:type\" content=\"article\" \/>\n<meta property=\"og:title\" content=\"Gesangsunterricht | Stimmzentrum Freiburg\" \/>\n<meta property=\"og:description\" content=\"Wollten Sie schon immer singen? Wollen Sie mehr aus Ihrer Stimme machen? Singen ist toll, gesund und macht Spa\u00df! Im Unterricht ist es mir wichtig, dass wir gemeinsam Ihre ganz eigene Stimme, Ihren pers\u00f6nlichen Sound finden k\u00f6nnen. Dazu benutzen wir \u00dcbungen aus bekannten Gesangsmethodiken und Repertoire, das zu Ihrer Stimme, Ihrem Niveau und Ihren W\u00fcnschen [&hellip;]\" \/>\n<meta property=\"og:url\" content=\"https:\/\/www.stimmzentrum-freiburg.de\/wp\/gesangsunterricht\/\" \/>\n<meta property=\"og:site_name\" content=\"Stimmzentrum Freiburg\" \/>\n<meta property=\"article:modified_time\" content=\"2015-11-12T17:20:14+00:00\" \/>\n<meta name=\"twitter:card\" content=\"summary_large_image\" \/>\n<meta name=\"twitter:label1\" content=\"Gesch\u00e4tzte Lesezeit\" \/>\n\t<meta name=\"twitter:data1\" content=\"2\u00a0Minuten\" \/>\n<script type=\"application\/ld+json\" class=\"yoast-schema-graph\">{\"@context\":\"https:\/\/schema.org\",\"@graph\":[{\"@type\":\"WebPage\",\"@id\":\"https:\/\/www.stimmzentrum-freiburg.de\/wp\/gesangsunterricht\/\",\"url\":\"https:\/\/www.stimmzentrum-freiburg.de\/wp\/gesangsunterricht\/\",\"name\":\"Gesangsunterricht | Stimmzentrum Freiburg\",\"isPartOf\":{\"@id\":\"https:\/\/www.stimmzentrum-freiburg.de\/wp\/#website\"},\"datePublished\":\"2015-11-11T16:46:29+00:00\",\"dateModified\":\"2015-11-12T17:20:14+00:00\",\"breadcrumb\":{\"@id\":\"https:\/\/www.stimmzentrum-freiburg.de\/wp\/gesangsunterricht\/#breadcrumb\"},\"inLanguage\":\"de\",\"potentialAction\":[{\"@type\":\"ReadAction\",\"target\":[\"https:\/\/www.stimmzentrum-freiburg.de\/wp\/gesangsunterricht\/\"]}]},{\"@type\":\"BreadcrumbList\",\"@id\":\"https:\/\/www.stimmzentrum-freiburg.de\/wp\/gesangsunterricht\/#breadcrumb\",\"itemListElement\":[{\"@type\":\"ListItem\",\"position\":1,\"name\":\"Home\",\"item\":\"https:\/\/www.stimmzentrum-freiburg.de\/wp\/\"},{\"@type\":\"ListItem\",\"position\":2,\"name\":\"Gesangsunterricht\"}]},{\"@type\":\"WebSite\",\"@id\":\"https:\/\/www.stimmzentrum-freiburg.de\/wp\/#website\",\"url\":\"https:\/\/www.stimmzentrum-freiburg.de\/wp\/\",\"name\":\"Stimmzentrum Freiburg\",\"description\":\"\",\"potentialAction\":[{\"@type\":\"SearchAction\",\"target\":{\"@type\":\"EntryPoint\",\"urlTemplate\":\"https:\/\/www.stimmzentrum-freiburg.de\/wp\/?s={search_term_string}\"},\"query-input\":\"required name=search_term_string\"}],\"inLanguage\":\"de\"}]}<\/script>\n<!-- \/ Yoast SEO plugin. -->","yoast_head_json":{"title":"Gesangsunterricht | Stimmzentrum Freiburg","robots":{"index":"index","follow":"follow","max-snippet":"max-snippet:-1","max-image-preview":"max-image-preview:large","max-video-preview":"max-video-preview:-1"},"canonical":"https:\/\/www.stimmzentrum-freiburg.de\/wp\/gesangsunterricht\/","og_locale":"de_DE","og_type":"article","og_title":"Gesangsunterricht | Stimmzentrum Freiburg","og_description":"Wollten Sie schon immer singen? Wollen Sie mehr aus Ihrer Stimme machen? Singen ist toll, gesund und macht Spa\u00df! Im Unterricht ist es mir wichtig, dass wir gemeinsam Ihre ganz eigene Stimme, Ihren pers\u00f6nlichen Sound finden k\u00f6nnen. Dazu benutzen wir \u00dcbungen aus bekannten Gesangsmethodiken und Repertoire, das zu Ihrer Stimme, Ihrem Niveau und Ihren W\u00fcnschen [&hellip;]","og_url":"https:\/\/www.stimmzentrum-freiburg.de\/wp\/gesangsunterricht\/","og_site_name":"Stimmzentrum Freiburg","article_modified_time":"2015-11-12T17:20:14+00:00","twitter_card":"summary_large_image","twitter_misc":{"Gesch\u00e4tzte Lesezeit":"2\u00a0Minuten"},"schema":{"@context":"https:\/\/schema.org","@graph":[{"@type":"WebPage","@id":"https:\/\/www.stimmzentrum-freiburg.de\/wp\/gesangsunterricht\/","url":"https:\/\/www.stimmzentrum-freiburg.de\/wp\/gesangsunterricht\/","name":"Gesangsunterricht | Stimmzentrum Freiburg","isPartOf":{"@id":"https:\/\/www.stimmzentrum-freiburg.de\/wp\/#website"},"datePublished":"2015-11-11T16:46:29+00:00","dateModified":"2015-11-12T17:20:14+00:00","breadcrumb":{"@id":"https:\/\/www.stimmzentrum-freiburg.de\/wp\/gesangsunterricht\/#breadcrumb"},"inLanguage":"de","potentialAction":[{"@type":"ReadAction","target":["https:\/\/www.stimmzentrum-freiburg.de\/wp\/gesangsunterricht\/"]}]},{"@type":"BreadcrumbList","@id":"https:\/\/www.stimmzentrum-freiburg.de\/wp\/gesangsunterricht\/#breadcrumb","itemListElement":[{"@type":"ListItem","position":1,"name":"Home","item":"https:\/\/www.stimmzentrum-freiburg.de\/wp\/"},{"@type":"ListItem","position":2,"name":"Gesangsunterricht"}]},{"@type":"WebSite","@id":"https:\/\/www.stimmzentrum-freiburg.de\/wp\/#website","url":"https:\/\/www.stimmzentrum-freiburg.de\/wp\/","name":"Stimmzentrum Freiburg","description":"","potentialAction":[{"@type":"SearchAction","target":{"@type":"EntryPoint","urlTemplate":"https:\/\/www.stimmzentrum-freiburg.de\/wp\/?s={search_term_string}"},"query-input":"required name=search_term_string"}],"inLanguage":"de"}]}},"_links":{"self":[{"href":"https:\/\/www.stimmzentrum-freiburg.de\/wp\/wp-json\/wp\/v2\/pages\/11","targetHints":{"allow":["GET"]}}],"collection":[{"href":"https:\/\/www.stimmzentrum-freiburg.de\/wp\/wp-json\/wp\/v2\/pages"}],"about":[{"href":"https:\/\/www.stimmzentrum-freiburg.de\/wp\/wp-json\/wp\/v2\/types\/page"}],"author":[{"embeddable":true,"href":"https:\/\/www.stimmzentrum-freiburg.de\/wp\/wp-json\/wp\/v2\/users\/1"}],"replies":[{"embeddable":true,"href":"https:\/\/www.stimmzentrum-freiburg.de\/wp\/wp-json\/wp\/v2\/comments?post=11"}],"version-history":[{"count":2,"href":"https:\/\/www.stimmzentrum-freiburg.de\/wp\/wp-json\/wp\/v2\/pages\/11\/revisions"}],"predecessor-version":[{"id":55,"href":"https:\/\/www.stimmzentrum-freiburg.de\/wp\/wp-json\/wp\/v2\/pages\/11\/revisions\/55"}],"wp:attachment":[{"href":"https:\/\/www.stimmzentrum-freiburg.de\/wp\/wp-json\/wp\/v2\/media?parent=11"}],"curies":[{"name":"wp","href":"https:\/\/api.w.org\/{rel}","templated":true}]}}